{"id":12,"date":"2021-07-14T14:46:59","date_gmt":"2021-07-14T14:46:59","guid":{"rendered":"https:\/\/mindscrapers.com\/?page_id=12"},"modified":"2022-06-20T15:36:53","modified_gmt":"2022-06-20T15:36:53","slug":"home","status":"publish","type":"page","link":"https:\/\/mindscrapers.com\/","title":{"rendered":"Home"},"content":{"rendered":"\n<p class=\"has-vivid-cyan-blue-color has-text-color\">Ya\u015fam ko\u00e7lu\u011fu, (life coaching) bir ko\u00e7luk sanat\u0131 olup, insanlar\u0131n kendi kendilerini g\u00fc\u00e7lendirmelerine yol a\u00e7an beceriler ve tutumlar geli\u015ftirerek ki\u015fisel hedefleri tan\u0131mlamalar\u0131na ve elde etmelerine yard\u0131mc\u0131 olma s\u00fcrecidir. Ya\u015fam ko\u00e7lu\u011fu, i\u015f-ya\u015fam dengesi ve kariyer de\u011fi\u015fikli\u011fi gibi konularla ilgilenir.<br>Bireylerin ya\u015famlar\u0131nda olumlu de\u011fi\u015fiklikler ke\u015ffetmelerine ve ba\u015flatmalar\u0131na yard\u0131mc\u0131 olmak i\u00e7in gereken sorular\u0131, \u00e7er\u00e7eveyi, al\u0131\u015ft\u0131rmalar\u0131 ve hesap verebilirli\u011fi sa\u011flar.<\/p>\n\n\n\n<p class=\"has-vivid-cyan-blue-color has-text-color\">Ya\u015fam ko\u00e7lu\u011fu, ya\u015fam ko\u00e7u ve dan\u0131\u015fan aras\u0131ndaki yarat\u0131c\u0131 ortakl\u0131kt\u0131r. Bu ortakl\u0131kta, ya\u015fam ko\u00e7unun g\u00f6revlerinin baz\u0131lar\u0131 a\u015fa\u011f\u0131daki gibidir;<\/p>\n\n\n\n<p class=\"has-vivid-cyan-blue-color has-text-color\">Dan\u0131\u015fan\u0131n, istedi\u011fi hedeflere ula\u015fabilmesi i\u00e7in hayat tarz\u0131na uygun bir bak\u0131\u015f a\u00e7\u0131s\u0131 geli\u015ftirmesini sa\u011flamak,<\/p>\n\n\n\n<p class=\"has-vivid-cyan-blue-color has-text-color\">Bireyin kendi potansiyelini ke\u015ffetmesi ve geli\u015ftirmesi i\u00e7in motive etmek,<\/p>\n\n\n\n<p class=\"has-vivid-cyan-blue-color has-text-color\">Hedeflerine, karakterine ve bak\u0131\u015f a\u00e7\u0131s\u0131na uygun eylem planlar\u0131 ve stratejiler geli\u015ftirmek,<\/p>\n\n\n\n<p class=\"has-vivid-cyan-blue-color has-text-color\">Bireyin sorumluluk almas\u0131n\u0131 sa\u011flamak i\u00e7in bak\u0131\u015f a\u00e7\u0131s\u0131n\u0131 geli\u015ftirmek,<\/p>\n\n\n\n<p class=\"has-vivid-cyan-blue-color has-text-color\">Do\u011fru sorularla dan\u0131\u015fan\u0131n ihtiya\u00e7 duydu\u011fu cevaba ula\u015fmas\u0131n\u0131 sa\u011flamak,<\/p>\n\n\n\n<p class=\"has-vivid-cyan-blue-color has-text-color\">Etkili, dengeli ve ba\u015far\u0131l\u0131 bir ya\u015fam s\u00fcrmesi i\u00e7in dan\u0131\u015fan\u0131n; do\u011fru karar alma ve se\u00e7im yapma yetilerini geli\u015ftirmesini sa\u011flamak.<\/p>\n\n\n\n<figure class=\"wp-block-gallery has-nested-images columns-default is-cropped wp-block-gallery-1 is-layout-flex wp-block-gallery-is-layout-flex\">\n<figure class=\"wp-block-image size-large\"><img loading=\"lazy\" decoding=\"async\" width=\"683\" height=\"1024\" data-id=\"112\" src=\"https:\/\/mindscrapers.com\/wp-content\/uploads\/2022\/06\/figur-1-683x1024.jpg\" alt=\"\" class=\"wp-image-112\" srcset=\"https:\/\/mindscrapers.com\/wp-content\/uploads\/2022\/06\/figur-1-683x1024.jpg 683w, https:\/\/mindscrapers.com\/wp-content\/uploads\/2022\/06\/figur-1-200x300.jpg 200w, https:\/\/mindscrapers.com\/wp-content\/uploads\/2022\/06\/figur-1-768x1152.jpg 768w, https:\/\/mindscrapers.com\/wp-content\/uploads\/2022\/06\/figur-1-1024x1536.jpg 1024w, https:\/\/mindscrapers.com\/wp-content\/uploads\/2022\/06\/figur-1-1365x2048.jpg 1365w, https:\/\/mindscrapers.com\/wp-content\/uploads\/2022\/06\/figur-1-scaled.jpg 1707w\" sizes=\"auto, (max-width: 683px) 100vw, 683px\" \/><\/figure>\n\n\n\n<figure class=\"wp-block-image size-large\"><img loading=\"lazy\" decoding=\"async\" width=\"1024\" height=\"871\" data-id=\"113\" src=\"https:\/\/mindscrapers.com\/wp-content\/uploads\/2022\/06\/bas\u0327liksiz-1-1-1024x871.jpg\" alt=\"\" class=\"wp-image-113\" srcset=\"https:\/\/mindscrapers.com\/wp-content\/uploads\/2022\/06\/bas\u0327liksiz-1-1-1024x871.jpg 1024w, https:\/\/mindscrapers.com\/wp-content\/uploads\/2022\/06\/bas\u0327liksiz-1-1-300x255.jpg 300w, https:\/\/mindscrapers.com\/wp-content\/uploads\/2022\/06\/bas\u0327liksiz-1-1-768x653.jpg 768w, https:\/\/mindscrapers.com\/wp-content\/uploads\/2022\/06\/bas\u0327liksiz-1-1-1536x1307.jpg 1536w, https:\/\/mindscrapers.com\/wp-content\/uploads\/2022\/06\/bas\u0327liksiz-1-1-2048x1742.jpg 2048w\" sizes=\"auto, (max-width: 1024px) 100vw, 1024px\" \/><\/figure>\n<\/figure>\n","protected":false},"excerpt":{"rendered":"<p>Ya\u015fam ko\u00e7lu\u011fu, (life coaching) bir ko\u00e7luk sanat\u0131 olup, insanlar\u0131n kendi kendilerini g\u00fc\u00e7lendirmelerine yol a\u00e7an beceriler ve tutumlar geli\u015ftirerek ki\u015fisel hedefleri tan\u0131mlamalar\u0131na ve elde etmelerine yard\u0131mc\u0131 olma s\u00fcrecidir. Ya\u015fam ko\u00e7lu\u011fu, i\u015f-ya\u015fam dengesi ve kariyer de\u011fi\u015fikli\u011fi gibi konularla ilgilenir.Bireylerin ya\u015famlar\u0131nda olumlu de\u011fi\u015fiklikler ke\u015ffetmelerine ve ba\u015flatmalar\u0131na yard\u0131mc\u0131 olmak i\u00e7in gereken sorular\u0131, \u00e7er\u00e7eveyi, al\u0131\u015ft\u0131rmalar\u0131 ve hesap verebilirli\u011fi sa\u011flar. Ya\u015fam [&hellip;]<\/p>\n","protected":false},"author":1,"featured_media":0,"parent":0,"menu_order":0,"comment_status":"closed","ping_status":"closed","template":"","meta":{"_coblocks_attr":"","_coblocks_dimensions":"","_coblocks_responsive_height":"","_coblocks_accordion_ie_support":"","footnotes":""},"class_list":["post-12","page","type-page","status-publish","hentry"],"_links":{"self":[{"href":"https:\/\/mindscrapers.com\/index.php?rest_route=\/wp\/v2\/pages\/12","targetHints":{"allow":["GET"]}}],"collection":[{"href":"https:\/\/mindscrapers.com\/index.php?rest_route=\/wp\/v2\/pages"}],"about":[{"href":"https:\/\/mindscrapers.com\/index.php?rest_route=\/wp\/v2\/types\/page"}],"author":[{"embeddable":true,"href":"https:\/\/mindscrapers.com\/index.php?rest_route=\/wp\/v2\/users\/1"}],"replies":[{"embeddable":true,"href":"https:\/\/mindscrapers.com\/index.php?rest_route=%2Fwp%2Fv2%2Fcomments&post=12"}],"version-history":[{"count":4,"href":"https:\/\/mindscrapers.com\/index.php?rest_route=\/wp\/v2\/pages\/12\/revisions"}],"predecessor-version":[{"id":114,"href":"https:\/\/mindscrapers.com\/index.php?rest_route=\/wp\/v2\/pages\/12\/revisions\/114"}],"wp:attachment":[{"href":"https:\/\/mindscrapers.com\/index.php?rest_route=%2Fwp%2Fv2%2Fmedia&parent=12"}],"curies":[{"name":"wp","href":"https:\/\/api.w.org\/{rel}","templated":true}]}}